{"id":614,"date":"2024-10-25T04:41:57","date_gmt":"2024-10-25T04:41:57","guid":{"rendered":"https:\/\/cultura-connect.org\/?page_id=614"},"modified":"2025-08-10T06:02:59","modified_gmt":"2025-08-10T06:02:59","slug":"614-2","status":"publish","type":"page","link":"https:\/\/cultura-connect.org\/es\/","title":{"rendered":"Hogar"},"content":{"rendered":"<div class=\"wp-block-uagb-container uagb-block-v61uc2e3 alignfull uagb-is-root-container\"><div class=\"uagb-container-inner-blocks-wrap\">\n<div class=\"wp-block-uagb-info-box uagb-block-lgi9hfkh uagb-infobox__content-wrap  uagb-infobox-icon-above-title uagb-infobox-image-valign-top\"><div class=\"uagb-ifb-content\"><div class=\"uagb-ifb-title-wrap\"><h1 class=\"uagb-ifb-title\">Trayendo el mundo a <br>tu aula<\/h1><\/div><p class=\"uagb-ifb-desc\">Somos una red de profesores de idiomas en todo el continente americano que aumenta el acceso a la educaci\u00f3n internacional.<br><\/p><\/div><\/div>\n\n\n\n<div style=\"height:39px\" aria-hidden=\"true\" class=\"wp-block-spacer\"><\/div>\n\n\n\n<div class=\"wp-block-uagb-buttons uagb-buttons__outer-wrap uagb-btn__default-btn uagb-btn-tablet__default-btn uagb-btn-mobile__default-btn uagb-block-ce58f958\"><div class=\"uagb-buttons__wrap uagb-buttons-layout-wrap\">\n<div class=\"wp-block-uagb-buttons-child uagb-buttons__outer-wrap uagb-block-026c67c6 wp-block-button\"><div class=\"uagb-button__wrapper\"><a class=\"uagb-buttons-repeater wp-block-button__link\" aria-label=\"\" href=\"https:\/\/cultura-connect.org\/es\/teachers\/\" rel=\"follow noopener\" target=\"_self\" role=\"button\"><div class=\"uagb-button__link\">\u00danete a Cultura Connect<\/div><\/a><\/div><\/div>\n<\/div><\/div>\n<\/div><\/div>\n\n\n\n<div class=\"wp-block-group is-layout-constrained wp-block-group-is-layout-constrained\">\n<p>Imaginamos un mundo donde cada estudiante en las Am\u00e9ricas tenga acceso a educaci\u00f3n internacional, donde se sienta entusiasmado por ser ciudadanos globales para toda la vida y donde pueda conocer a sus vecinos de diferentes pa\u00edses con respeto. Imaginamos un mundo donde cada profesor de idiomas cuente con recursos que fomenten la confianza, la conexi\u00f3n y la curiosidad interculturales para apoyar la educaci\u00f3n internacional de los estudiantes. Llevamos el mundo al aula, ampliando el acceso a una educaci\u00f3n global para estudiantes en toda Am\u00e9rica, con el objetivo final de construir un mundo m\u00e1s emp\u00e1tico y comprensivo.<\/p>\n\n\n\n<div class=\"wp-block-uagb-advanced-heading uagb-block-8803649e\"><p class=\"uagb-heading-text\">Cuando se trata de educaci\u00f3n internacional, muchos estudiantes sienten:<\/p><\/div>\n\n\n\n<div class=\"wp-block-uagb-container uagb-block-hoek8pfi alignfull uagb-is-root-container\">\n<div class=\"wp-block-uagb-container uagb-block-zclrcrnp\">\n<div class=\"wp-block-uagb-container uagb-block-etv6envp\">\n<div class=\"wp-block-uagb-advanced-heading uagb-block-b25d8247\"><h3 class=\"uagb-heading-text\">intimidado<\/h3><\/div>\n\n\n\n<p class=\"has-text-align-center has-ast-global-color-2-color has-text-color has-link-color wp-elements-f25c1da549c36846769d1524ebc5b532\">Sin modelos u otras personas que hayan participado en el intercambio internacional, puede resultar intimidante salir de la propia cultura y zona de confort.&nbsp;<\/p>\n<\/div>\n\n\n\n<div class=\"wp-block-uagb-container uagb-block-3hbmyozi\">\n<div class=\"wp-block-group is-layout-constrained wp-block-group-is-layout-constrained\">\n<h3 class=\"wp-block-heading has-text-align-center has-ast-global-color-2-color has-text-color has-link-color wp-elements-e1d3ad09b772958bc25692956d6e3982\">con dificultades econ\u00f3micas<\/h3>\n\n\n\n<p class=\"has-text-align-center has-ast-global-color-2-color has-text-color has-link-color wp-elements-e800c70083dc7a3f0f4517645e413183\">Con prioridades en competencia, las barreras financieras son una de las principales razones por las que los estudiantes no tienen acceso al intercambio internacional.<\/p>\n<\/div>\n<\/div>\n\n\n\n<div class=\"wp-block-uagb-container uagb-block-8w5jcmyt\">\n<div class=\"wp-block-group is-layout-constrained wp-block-group-is-layout-constrained\">\n<h3 class=\"wp-block-heading has-text-align-center has-ast-global-color-2-color has-text-color has-link-color wp-elements-31ac696e4a75901d89b5189515782a5c\">abrumado<\/h3>\n<\/div>\n\n\n\n<p class=\"has-text-align-center has-ast-global-color-2-color has-text-color has-link-color wp-elements-21293a699617c730c3518bcf123aac5d\">Viajar al extranjero puede ser abrumador sin gu\u00eda. Hay muchos pasos log\u00edsticos que pueden resultar prohibitivos sin los conocimientos necesarios.<\/p>\n<\/div>\n<\/div>\n<\/div>\n\n\n\n<div class=\"wp-block-uagb-advanced-heading uagb-block-77ade421\"><p class=\"uagb-heading-text\">Aumentamos el acceso a la educaci\u00f3n internacional, para que los estudiantes se sientan:<\/p><\/div>\n\n\n\n<div class=\"wp-block-uagb-container uagb-block-0824a617 alignfull uagb-is-root-container\"><div class=\"uagb-container-inner-blocks-wrap\">\n<div class=\"wp-block-uagb-container uagb-block-4e8b616f alignfull uagb-is-root-container\">\n<div class=\"wp-block-uagb-container uagb-block-59432874\">\n<div class=\"wp-block-uagb-container uagb-block-bf7fc255\">      \n\t\t\t<div class=\"uagb-icon-wrapper uagb-block-4fb9fb33\"\n\t\t\tstyle=\"\" >\n\t\t\t\t\t\t\t\t\t<span class=\"uagb-svg-wrapper\" \n\t\t\t\t\t aria-label=\"c\u00edrculo-flecha-abajo\"\t\t\t\t\ttabindex=\"0\">\t\t\n\t\t\t\t\t\t\t\t\t\t<svg xmlns=\"https:\/\/www.w3.org\/2000\/svg\" viewbox= \"0 0 512 512\" role=\"graphics-symbol\" aria-hidden=\"false\" aria-label=\"\"><path d=\"M256 0C114.6 0 0 114.6 0 256c0 141.4 114.6 256 256 256s256-114.6 256-256C512 114.6 397.4 0 256 0zM382.6 302.6l-103.1 103.1C270.7 414.6 260.9 416 256 416c-4.881 0-14.65-1.391-22.65-9.398L129.4 302.6c-12.5-12.5-12.5-32.75 0-45.25s32.75-12.5 45.25 0L224 306.8V128c0-17.69 14.33-32 32-32s32 14.31 32 32v178.8l49.38-49.38c12.5-12.5 32.75-12.5 45.25 0S395.1 290.1 382.6 302.6z\"><\/path><\/svg>\n\t\t\t\t\t\t\t\t\t<\/span>\n\t\t\t\t\t\t\t<\/div>\n\t\t\t\n\n\n<div class=\"wp-block-uagb-advanced-heading uagb-block-dde51b8b\"><h3 class=\"uagb-heading-text\">curioso<\/h3><\/div>\n\n\n\n<p class=\"has-text-align-center has-ast-global-color-5-color has-text-color has-link-color wp-elements-dddd64bea258002ce2934db5bb704ace\">Los estudiantes son naturalmente curiosos. Educarlos sobre los diferentes aspectos de los viajes y el intercambio internacional fomenta la curiosidad constante, alivia la ansiedad y los miedos, y abre nuevas posibilidades para el futuro.<\/p>\n<\/div>\n\n\n\n<div class=\"wp-block-uagb-container uagb-block-61f09ebb\">      \n\t\t\t<div class=\"uagb-icon-wrapper uagb-block-49d4f340\"\n\t\t\tstyle=\"\" >\n\t\t\t\t\t\t\t\t\t<span class=\"uagb-svg-wrapper\" \n\t\t\t\t\t aria-label=\"c\u00edrculo-flecha-abajo\"\t\t\t\t\ttabindex=\"0\">\t\t\n\t\t\t\t\t\t\t\t\t\t<svg xmlns=\"https:\/\/www.w3.org\/2000\/svg\" viewbox= \"0 0 512 512\" role=\"graphics-symbol\" aria-hidden=\"false\" aria-label=\"\"><path d=\"M256 0C114.6 0 0 114.6 0 256c0 141.4 114.6 256 256 256s256-114.6 256-256C512 114.6 397.4 0 256 0zM382.6 302.6l-103.1 103.1C270.7 414.6 260.9 416 256 416c-4.881 0-14.65-1.391-22.65-9.398L129.4 302.6c-12.5-12.5-12.5-32.75 0-45.25s32.75-12.5 45.25 0L224 306.8V128c0-17.69 14.33-32 32-32s32 14.31 32 32v178.8l49.38-49.38c12.5-12.5 32.75-12.5 45.25 0S395.1 290.1 382.6 302.6z\"><\/path><\/svg>\n\t\t\t\t\t\t\t\t\t<\/span>\n\t\t\t\t\t\t\t<\/div>\n\t\t\t\n\n\n<div class=\"wp-block-uagb-advanced-heading uagb-block-e146019f\"><h3 class=\"uagb-heading-text\">Confiado<\/h3><\/div>\n\n\n\n<p class=\"has-text-align-center has-ast-global-color-5-color has-text-color has-link-color wp-elements-15515114a8c5def14c98b1727a0344a0\">Los estudiantes y sus familias son resilientes y tienen recursos. Desarrollar conocimientos y confianza en la planificaci\u00f3n financiera, la elaboraci\u00f3n de presupuestos y el acceso a recursos puede ayudar a los estudiantes a superar las barreras financieras.<\/p>\n<\/div>\n\n\n\n<div class=\"wp-block-uagb-container uagb-block-c97ec489\">      \n\t\t\t<div class=\"uagb-icon-wrapper uagb-block-7dfb6b9c\"\n\t\t\tstyle=\"\" >\n\t\t\t\t\t\t\t\t\t<span class=\"uagb-svg-wrapper\" \n\t\t\t\t\t aria-label=\"c\u00edrculo-flecha-abajo\"\t\t\t\t\ttabindex=\"0\">\t\t\n\t\t\t\t\t\t\t\t\t\t<svg xmlns=\"https:\/\/www.w3.org\/2000\/svg\" viewbox= \"0 0 512 512\" role=\"graphics-symbol\" aria-hidden=\"false\" aria-label=\"\"><path d=\"M256 0C114.6 0 0 114.6 0 256c0 141.4 114.6 256 256 256s256-114.6 256-256C512 114.6 397.4 0 256 0zM382.6 302.6l-103.1 103.1C270.7 414.6 260.9 416 256 416c-4.881 0-14.65-1.391-22.65-9.398L129.4 302.6c-12.5-12.5-12.5-32.75 0-45.25s32.75-12.5 45.25 0L224 306.8V128c0-17.69 14.33-32 32-32s32 14.31 32 32v178.8l49.38-49.38c12.5-12.5 32.75-12.5 45.25 0S395.1 290.1 382.6 302.6z\"><\/path><\/svg>\n\t\t\t\t\t\t\t\t\t<\/span>\n\t\t\t\t\t\t\t<\/div>\n\t\t\t\n\n\n<div class=\"wp-block-uagb-advanced-heading uagb-block-30dfada3\"><h3 class=\"uagb-heading-text\">conectado<\/h3><\/div>\n\n\n\n<p class=\"has-text-align-center has-ast-global-color-5-color has-text-color has-link-color wp-elements-254a13ffe02947bc95659d1f521f1189\">Los estudiantes responden a los modelos a seguir. Modelar el intercambio intercultural, construir conexiones internacionales y usar las habilidades ling\u00fc\u00edsticas en la vida real ayuda a los estudiantes a sentirse apoyados y motivados.<\/p>\n<\/div>\n<\/div>\n<\/div>\n<\/div><\/div>\n<\/div>\n\n\n\n<p class=\"has-text-align-center uag-hide-desktop uag-hide-tab uag-hide-mob\" style=\"font-size:16px\">\u201c<em>Ser\u00eda un sue\u00f1o que todos mis estudiantes pudieran tener una conexi\u00f3n internacional antes de graduarse. Siento que la interacci\u00f3n y el intercambio internacionales marcan una gran diferencia. Lo hacen mucho m\u00e1s real para ellos y marca una gran diferencia, cualquier cosa que puedas hacer.<br><\/em><br>\u2013 Diana, Profesora, Colombia<\/p>\n\n\n\n<div class=\"wp-block-uagb-container uagb-block-soqxuvtm alignfull uagb-is-root-container\">\n<div class=\"wp-block-uagb-advanced-heading uagb-block-3916ad25\"><h2 class=\"uagb-heading-text\">\u00bfC\u00f3mo aumentamos el acceso a la educaci\u00f3n internacional?<\/h2><\/div>\n\n\n\n<div style=\"height:19px\" aria-hidden=\"true\" class=\"wp-block-spacer\"><\/div>\n\n\n\n<div class=\"wp-block-uagb-buttons uagb-buttons__outer-wrap uagb-btn__default-btn uagb-btn-tablet__default-btn uagb-btn-mobile__default-btn uagb-block-4e24fc90\"><div class=\"uagb-buttons__wrap uagb-buttons-layout-wrap\">\n<div class=\"wp-block-uagb-buttons-child uagb-buttons__outer-wrap uagb-block-eccb41e5 wp-block-button\"><div class=\"uagb-button__wrapper\"><a class=\"uagb-buttons-repeater wp-block-button__link\" aria-label=\"\" href=\"https:\/\/cultura-connect.org\/es\/teachers\/\" rel=\"follow noopener\" target=\"_self\" role=\"button\"><div class=\"uagb-button__link\">Cohorte Cultura Connect<\/div><\/a><\/div><\/div>\n<\/div><\/div>\n\n\n\n<div style=\"height:19px\" aria-hidden=\"true\" class=\"wp-block-spacer\"><\/div>\n\n\n\n<p class=\"has-text-align-center has-ast-global-color-2-color has-text-color has-link-color wp-elements-8b0608d0eb485e6ae1649989e57ce23b\">La Cohorte Cultura Connect es una red internacional de profesores de idiomas en las Am\u00e9ricas que trabajan juntos para fomentar la curiosidad, la conexi\u00f3n y la confianza interculturales en el aula. Cada participante de la cohorte recibe acceso inmediato a recursos educativos internacionales gratuitos, lo que acerca el mundo al aula y ampl\u00eda el acceso a una educaci\u00f3n global para estudiantes de todo el mundo.<\/p>\n<\/div>\n\n\n\n<div class=\"wp-block-uagb-advanced-heading uagb-block-95b61ec7\"><h2 class=\"uagb-heading-text\">\u00bfC\u00f3mo puedes involucrarte con la cohorte?<\/h2><\/div>\n\n\n\n<div class=\"wp-block-uagb-container uagb-block-6979af44 alignfull uagb-is-root-container\"><div class=\"uagb-container-inner-blocks-wrap\">\n<div class=\"wp-block-uagb-container uagb-block-8476cbfe\">\n<p class=\"has-text-align-center\">\u00danase a la cohorte anual para desarrollar la curiosidad, la conexi\u00f3n y la confianza interculturales entre los estudiantes a trav\u00e9s de la comunidad internacional y recursos gratuitos para su sal\u00f3n de clases.<\/p>\n\n\n\n<div class=\"wp-block-uagb-buttons uagb-buttons__outer-wrap uagb-btn__default-btn uagb-btn-tablet__default-btn uagb-btn-mobile__default-btn uagb-block-b5efee43\"><div class=\"uagb-buttons__wrap uagb-buttons-layout-wrap\">\n<div class=\"wp-block-uagb-buttons-child uagb-buttons__outer-wrap uagb-block-73e536d2 wp-block-button\"><div class=\"uagb-button__wrapper\"><a class=\"uagb-buttons-repeater wp-block-button__link\" aria-label=\"\" href=\"https:\/\/cultura-connect.org\/es\/teachers\/\" rel=\"follow noopener\" target=\"_self\" role=\"button\"><div class=\"uagb-button__link\">para profesores<\/div><\/a><\/div><\/div>\n<\/div><\/div>\n<\/div>\n\n\n\n<div class=\"wp-block-uagb-container uagb-block-4484ee12\">\n<p class=\"has-text-align-center\">Conozca m\u00e1s sobre nuestra misi\u00f3n, enfoque y valores. Con un objetivo de participantes en m\u00e1s de 25 pa\u00edses, trabajamos con 50 docentes cada a\u00f1o y logramos un impacto en 3750 estudiantes al a\u00f1o.<\/p>\n\n\n\n<div class=\"wp-block-uagb-buttons uagb-buttons__outer-wrap uagb-btn__default-btn uagb-btn-tablet__default-btn uagb-btn-mobile__default-btn uagb-block-0ed4e0d2\"><div class=\"uagb-buttons__wrap uagb-buttons-layout-wrap\">\n<div class=\"wp-block-uagb-buttons-child uagb-buttons__outer-wrap uagb-block-0a375f95 wp-block-button\"><div class=\"uagb-button__wrapper\"><a class=\"uagb-buttons-repeater wp-block-button__link\" aria-label=\"\" href=\"https:\/\/cultura-connect.org\/es\/about-us\/\" rel=\"follow noopener\" target=\"_self\" role=\"button\"><div class=\"uagb-button__link\">M\u00e1s informaci\u00f3n<\/div><\/a><\/div><\/div>\n<\/div><\/div>\n<\/div>\n\n\n\n<div class=\"wp-block-uagb-container uagb-block-716370e9\">\n<p class=\"has-text-align-center\">Apoye la equidad en la educaci\u00f3n internacional asoci\u00e1ndose con nosotros a trav\u00e9s de programas de voluntariado y donaciones que apoyan a docentes y estudiantes en todo el continente americano.<\/p>\n\n\n\n<div class=\"wp-block-uagb-buttons uagb-buttons__outer-wrap uagb-btn__default-btn uagb-btn-tablet__default-btn uagb-btn-mobile__default-btn uagb-block-163bb249\"><div class=\"uagb-buttons__wrap uagb-buttons-layout-wrap\">\n<div class=\"wp-block-uagb-buttons-child uagb-buttons__outer-wrap uagb-block-12e727b3 wp-block-button\"><div class=\"uagb-button__wrapper\"><a class=\"uagb-buttons-repeater wp-block-button__link\" aria-label=\"\" href=\"https:\/\/cultura-connect.org\/es\/partners\/\" rel=\"follow noopener\" target=\"_self\" role=\"button\"><div class=\"uagb-button__link\">para socios<\/div><\/a><\/div><\/div>\n<\/div><\/div>\n<\/div>\n<\/div><\/div>\n\n\n\n<div class=\"wp-block-uagb-container uagb-block-e4e45dd5 alignfull uagb-is-root-container\"><div class=\"uagb-container-inner-blocks-wrap\">\n<p class=\"has-text-align-center has-ast-global-color-5-color has-text-color has-link-color wp-elements-14b11fad23e7c74b7db4dea0103eecb0\" style=\"font-size:16px\"><em>Para m\u00ed, lo m\u00e1s importante de la educaci\u00f3n es formar estudiantes activos, compasivos y con conciencia global. Personas amables que aportan algo significativo al mundo y tienen la capacidad de lograr lo que desean. Para m\u00ed, las experiencias internacionales est\u00e1n directamente relacionadas con ese objetivo.<\/em><br><br>\u2013 Sarah, Profesora, Estados Unidos de Am\u00e9rica<\/p>\n<\/div><\/div>","protected":false},"excerpt":{"rendered":"<p>We imagine a world where every student in the Americas has access to international education, where they feel excited to be life-long global citizens, and where they can meet their [&hellip;]<\/p>\n","protected":false},"author":1,"featured_media":1921,"parent":0,"menu_order":0,"comment_status":"closed","ping_status":"closed","template":"","meta":{"_uag_custom_page_level_css":"","site-sidebar-layout":"default","site-content-layout":"","ast-site-content-layout":"","site-content-style":"default","site-sidebar-style":"default","ast-global-header-display":"","ast-banner-title-visibility":"","ast-main-header-display":"","ast-hfb-above-header-display":"","ast-hfb-below-header-display":"","ast-hfb-mobile-header-display":"","site-post-title":"disabled","ast-breadcrumbs-content":"","ast-featured-img":"disabled","footer-sml-layout":"","ast-disable-related-posts":"","theme-transparent-header-meta":"","adv-header-id-meta":"","stick-header-meta":"","header-above-stick-meta":"","header-main-stick-meta":"","header-below-stick-meta":"","astra-migrate-meta-layouts":"default","ast-page-background-enabled":"default","ast-page-background-meta":{"desktop":{"background-color":"var(--ast-global-color-4)","background-image":"","background-repeat":"repeat","background-position":"center center","background-size":"auto","background-attachment":"scroll","background-type":"","background-media":"","overlay-type":"","overlay-color":"","overlay-opacity":"","overlay-gradient":""},"tablet":{"background-color":"","background-image":"","background-repeat":"repeat","background-position":"center center","background-size":"auto","background-attachment":"scroll","background-type":"","background-media":"","overlay-type":"","overlay-color":"","overlay-opacity":"","overlay-gradient":""},"mobile":{"background-color":"","background-image":"","background-repeat":"repeat","background-position":"center center","background-size":"auto","background-attachment":"scroll","background-type":"","background-media":"","overlay-type":"","overlay-color":"","overlay-opacity":"","overlay-gradient":""}},"ast-content-background-meta":{"desktop":{"background-color":"var(--ast-global-color-5)","background-image":"","background-repeat":"repeat","background-position":"center center","background-size":"auto","background-attachment":"scroll","background-type":"","background-media":"","overlay-type":"","overlay-color":"","overlay-opacity":"","overlay-gradient":""},"tablet":{"background-color":"var(--ast-global-color-5)","background-image":"","background-repeat":"repeat","background-position":"center center","background-size":"auto","background-attachment":"scroll","background-type":"","background-media":"","overlay-type":"","overlay-color":"","overlay-opacity":"","overlay-gradient":""},"mobile":{"background-color":"var(--ast-global-color-5)","background-image":"","background-repeat":"repeat","background-position":"center center","background-size":"auto","background-attachment":"scroll","background-type":"","background-media":"","overlay-type":"","overlay-color":"","overlay-opacity":"","overlay-gradient":""}},"footnotes":""},"class_list":["post-614","page","type-page","status-publish","has-post-thumbnail","hentry"],"uagb_featured_image_src":{"full":["https:\/\/cultura-connect.org\/wp-content\/uploads\/2025\/05\/Captura-de-pantalla-2025-05-01-a-las-11.30.03-PM.png",1188,528,false],"thumbnail":["https:\/\/cultura-connect.org\/wp-content\/uploads\/2025\/05\/Captura-de-pantalla-2025-05-01-a-las-11.30.03-PM-150x150.png",150,150,true],"medium":["https:\/\/cultura-connect.org\/wp-content\/uploads\/2025\/05\/Captura-de-pantalla-2025-05-01-a-las-11.30.03-PM-300x133.png",300,133,true],"medium_large":["https:\/\/cultura-connect.org\/wp-content\/uploads\/2025\/05\/Captura-de-pantalla-2025-05-01-a-las-11.30.03-PM-768x341.png",768,341,true],"large":["https:\/\/cultura-connect.org\/wp-content\/uploads\/2025\/05\/Captura-de-pantalla-2025-05-01-a-las-11.30.03-PM-1024x455.png",1024,455,true],"1536x1536":["https:\/\/cultura-connect.org\/wp-content\/uploads\/2025\/05\/Captura-de-pantalla-2025-05-01-a-las-11.30.03-PM.png",1188,528,false],"2048x2048":["https:\/\/cultura-connect.org\/wp-content\/uploads\/2025\/05\/Captura-de-pantalla-2025-05-01-a-las-11.30.03-PM.png",1188,528,false],"trp-custom-language-flag":["https:\/\/cultura-connect.org\/wp-content\/uploads\/2025\/05\/Captura-de-pantalla-2025-05-01-a-las-11.30.03-PM.png",18,8,false]},"uagb_author_info":{"display_name":"admin","author_link":"https:\/\/cultura-connect.org\/es\/author\/admin\/"},"uagb_comment_info":0,"uagb_excerpt":"We imagine a world where every student in the Americas has access to international education, where they feel excited to be life-long global citizens, and where they can meet their [&hellip;]","_links":{"self":[{"href":"https:\/\/cultura-connect.org\/es\/wp-json\/wp\/v2\/pages\/614","targetHints":{"allow":["GET"]}}],"collection":[{"href":"https:\/\/cultura-connect.org\/es\/wp-json\/wp\/v2\/pages"}],"about":[{"href":"https:\/\/cultura-connect.org\/es\/wp-json\/wp\/v2\/types\/page"}],"author":[{"embeddable":true,"href":"https:\/\/cultura-connect.org\/es\/wp-json\/wp\/v2\/users\/1"}],"replies":[{"embeddable":true,"href":"https:\/\/cultura-connect.org\/es\/wp-json\/wp\/v2\/comments?post=614"}],"version-history":[{"count":251,"href":"https:\/\/cultura-connect.org\/es\/wp-json\/wp\/v2\/pages\/614\/revisions"}],"predecessor-version":[{"id":2297,"href":"https:\/\/cultura-connect.org\/es\/wp-json\/wp\/v2\/pages\/614\/revisions\/2297"}],"wp:featuredmedia":[{"embeddable":true,"href":"https:\/\/cultura-connect.org\/es\/wp-json\/wp\/v2\/media\/1921"}],"wp:attachment":[{"href":"https:\/\/cultura-connect.org\/es\/wp-json\/wp\/v2\/media?parent=614"}],"curies":[{"name":"gracias","href":"https:\/\/api.w.org\/{rel}","templated":true}]}}